{"id":3103,"date":"2026-03-30T17:39:15","date_gmt":"2026-03-30T17:39:15","guid":{"rendered":"https:\/\/www.thai.lu\/?page_id=3103"},"modified":"2026-04-11T09:55:31","modified_gmt":"2026-04-11T09:55:31","slug":"faq","status":"publish","type":"page","link":"https:\/\/www.thai.lu\/fr\/faq\/","title":{"rendered":"F.A.Q"},"content":{"rendered":"<p><div class=\"fusion-fullwidth fullwidth-box fusion-builder-row-5 nonhundred-percent-fullwidth non-hundred-percent-height-scrolling\" style=\"background-color: #ffffff;background-position: left top;background-repeat: no-repeat;padding-top:0px;padding-right:0px;padding-bottom:50px;padding-left:0px;margin-bottom: 0px;margin-top: 0px;border-width: 0px 0px 0px 0px;border-color:#eae9e9;border-style:solid;\" ><div class=\"fusion-builder-row fusion-row\"><div class=\"fusion-layout-column fusion_builder_column fusion-builder-column-10 fusion_builder_column_1_1 1_1 fusion-one-full fusion-column-first fusion-column-last fusion-column-no-min-height\" style=\"margin-top:0px;margin-bottom:0px;\"><div class=\"fusion-column-wrapper fusion-flex-column-wrapper-legacy\" style=\"background-position:left top;background-repeat:no-repeat;-webkit-background-size:cover;-moz-background-size:cover;-o-background-size:cover;background-size:cover;padding: 0px 0px 0px 0px;\"><!-- Zenchef Widget SDK -->\n<script>;(function (d, s, id) {const el = d.getElementsByTagName(s)[0]; if (d.getElementById(id) || el.parentNode == null) {return;} var js = d.createElement(s);  js.id = id; js.async = true; js.src = 'https:\/\/sdk.zenchef.com\/v1\/sdk.min.js';  el.parentNode.insertBefore(js, el); })(document, 'script', 'zenchef-sdk')<\/script>\n<div\n   class=\"zc-widget-config\"\n   data-restaurant=\"382815\"\n   data-open=\"\"\n   data-lang=\"fr\"\n   data-primary-color=\"b47b2d\"><\/div><div class=\"fusion-clearfix\"><\/div><\/div><\/div><\/div><\/div>\n<div class=\"fusion-fullwidth fullwidth-box fusion-builder-row-6 nonhundred-percent-fullwidth non-hundred-percent-height-scrolling\" style=\"background-color: #ffffff;background-position: center center;background-repeat: no-repeat;padding-top:0px;padding-right:0px;padding-bottom:0px;padding-left:0px;margin-bottom: 50px;margin-top: 0px;border-width: 0px 0px 0px 0px;border-color:#eae9e9;border-style:solid;\" ><div class=\"fusion-builder-row fusion-row\"><div class=\"fusion-layout-column fusion_builder_column fusion-builder-column-11 fusion_builder_column_1_1 1_1 fusion-one-full fusion-column-first fusion-column-last\" style=\"margin-top:0px;margin-bottom:20px;\"><div class=\"fusion-column-wrapper fusion-flex-column-wrapper-legacy\" style=\"background-position:left top;background-repeat:no-repeat;-webkit-background-size:cover;-moz-background-size:cover;-o-background-size:cover;background-size:cover;padding: 0px 0px 0px 0px;\"><style type=\"text\/css\">.fusion-accordian  #accordion-3103-2 .panel-title a .fa-fusion-box{ color: #ffffff;}.fusion-accordian  #accordion-3103-2 .panel-title a .fa-fusion-box:before{ font-size: 13px; width: 13px;}.fusion-accordian  #accordion-3103-2 .panel-title a{font-size:17px;}.fusion-accordian  #accordion-3103-2 .fa-fusion-box { background-color: #333333;border-color: #333333;}.fusion-accordian  #accordion-3103-2 .panel-title a:hover, #accordion-3103-2 .fusion-toggle-boxed-mode:hover .panel-title a { color: #78bca1;}.fusion-accordian  #accordion-3103-2 .panel-title .active .fa-fusion-box,.fusion-accordian  #accordion-3103-2 .panel-title a:hover .fa-fusion-box { background-color: #78bca1!important;border-color: #78bca1!important;}<\/style><div class=\"accordian fusion-accordian\"><div class=\"panel-group\" id=\"accordion-3103-2\"><div class=\"fusion-panel panel-default fusion-toggle-no-divider\"><div class=\"panel-heading\"><h4 class=\"panel-title toggle\"><a aria-expanded=\"false\" aria-controls=\"798ccfe606e2e1dd7\" role=\"button\" data-toggle=\"collapse\" data-parent=\"#accordion-3103-2\" data-target=\"#798ccfe606e2e1dd7\" href=\"#798ccfe606e2e1dd7\"><span class=\"fusion-toggle-icon-wrapper\" aria-hidden=\"true\"><i class=\"fa-fusion-box\" aria-hidden=\"true\"><\/i><\/span><span class=\"fusion-toggle-heading\">Comment puis-je faire une r\u00e9servation au Thai Celadon \u00e0 Luxembourg-Ville ?<\/span><\/a><\/h4><\/div><div id=\"798ccfe606e2e1dd7\" class=\"panel-collapse collapse \"><div class=\"panel-body toggle-content fusion-clearfix\">\n<p>Les r\u00e9servations peuvent \u00eatre effectu\u00e9es par t\u00e9l\u00e9phone ou via le formulaire de r\u00e9servation sur la <a href=\"https:\/\/www.thai.lu\/contact\/\">page Contact<\/a> de notre site web. Pour les soir\u00e9es et les week-ends, nous recommandons de r\u00e9server \u00e0 l\u2019avance afin de garantir la disponibilit\u00e9.<\/p>\n<\/div><\/div><\/div><div class=\"fusion-panel panel-default fusion-toggle-no-divider\"><div class=\"panel-heading\"><h4 class=\"panel-title toggle\"><a aria-expanded=\"false\" aria-controls=\"8ced77f834fbaa08b\" role=\"button\" data-toggle=\"collapse\" data-parent=\"#accordion-3103-2\" data-target=\"#8ced77f834fbaa08b\" href=\"#8ced77f834fbaa08b\"><span class=\"fusion-toggle-icon-wrapper\" aria-hidden=\"true\"><i class=\"fa-fusion-box\" aria-hidden=\"true\"><\/i><\/span><span class=\"fusion-toggle-heading\">Dois-je r\u00e9server \u00e0 l\u2019avance ?<\/span><\/a><\/h4><\/div><div id=\"8ced77f834fbaa08b\" class=\"panel-collapse collapse \"><div class=\"panel-body toggle-content fusion-clearfix\">\n<p>Bien que les clients sans r\u00e9servation soient les bienvenus lorsque cela est possible, il est recommand\u00e9 de r\u00e9server, en particulier pour le d\u00eener et les week-ends.<\/p>\n<\/div><\/div><\/div><div class=\"fusion-panel panel-default fusion-toggle-no-divider\"><div class=\"panel-heading\"><h4 class=\"panel-title toggle\"><a aria-expanded=\"false\" aria-controls=\"700b0f443fc9b94fb\" role=\"button\" data-toggle=\"collapse\" data-parent=\"#accordion-3103-2\" data-target=\"#700b0f443fc9b94fb\" href=\"#700b0f443fc9b94fb\"><span class=\"fusion-toggle-icon-wrapper\" aria-hidden=\"true\"><i class=\"fa-fusion-box\" aria-hidden=\"true\"><\/i><\/span><span class=\"fusion-toggle-heading\">Thai Celadon convient-il aux d\u00eeners d\u2019affaires ou aux occasions sp\u00e9ciales ?<\/span><\/a><\/h4><\/div><div id=\"700b0f443fc9b94fb\" class=\"panel-collapse collapse \"><div class=\"panel-body toggle-content fusion-clearfix\">\n<p>Oui. Thai Celadon offre une atmosph\u00e8re raffin\u00e9e et accueillante, id\u00e9ale pour les d\u00eeners d\u2019affaires, les c\u00e9l\u00e9brations et les occasions sp\u00e9ciales.<\/p>\n<\/div><\/div><\/div><div class=\"fusion-panel panel-default fusion-toggle-no-divider\"><div class=\"panel-heading\"><h4 class=\"panel-title toggle\"><a aria-expanded=\"false\" aria-controls=\"6b2f3d0a7b981554a\" role=\"button\" data-toggle=\"collapse\" data-parent=\"#accordion-3103-2\" data-target=\"#6b2f3d0a7b981554a\" href=\"#6b2f3d0a7b981554a\"><span class=\"fusion-toggle-icon-wrapper\" aria-hidden=\"true\"><i class=\"fa-fusion-box\" aria-hidden=\"true\"><\/i><\/span><span class=\"fusion-toggle-heading\">O\u00f9 se situe Thai Celadon \u00e0 Luxembourg-Ville ?<\/span><\/a><\/h4><\/div><div id=\"6b2f3d0a7b981554a\" class=\"panel-collapse collapse \"><div class=\"panel-body toggle-content fusion-clearfix\">\n<p>Thai Celadon est situ\u00e9 au 1 Rue du Nord, au c\u0153ur de Luxembourg-Ville, \u00e0 quelques minutes \u00e0 pied de la Place d\u2019Armes et du centre-ville.<\/p>\n<\/div><\/div><\/div><div class=\"fusion-panel panel-default fusion-toggle-no-divider\"><div class=\"panel-heading\"><h4 class=\"panel-title toggle\"><a aria-expanded=\"false\" aria-controls=\"b9a1e8cc1df1970b2\" role=\"button\" data-toggle=\"collapse\" data-parent=\"#accordion-3103-2\" data-target=\"#b9a1e8cc1df1970b2\" href=\"#b9a1e8cc1df1970b2\"><span class=\"fusion-toggle-icon-wrapper\" aria-hidden=\"true\"><i class=\"fa-fusion-box\" aria-hidden=\"true\"><\/i><\/span><span class=\"fusion-toggle-heading\">Y a-t-il un parking \u00e0 proximit\u00e9 du restaurant ?<\/span><\/a><\/h4><\/div><div id=\"b9a1e8cc1df1970b2\" class=\"panel-collapse collapse \"><div class=\"panel-body toggle-content fusion-clearfix\">\n<p>Oui. Plusieurs parkings publics sont disponibles \u00e0 proximit\u00e9 dans le centre-ville, notamment le Parking Th\u00e9\u00e2tre et le Parking Knuedler, tous deux accessibles \u00e0 pied en quelques minutes.<\/p>\n<\/div><\/div><\/div><div class=\"fusion-panel panel-default fusion-toggle-no-divider\"><div class=\"panel-heading\"><h4 class=\"panel-title toggle\"><a aria-expanded=\"false\" aria-controls=\"0b02a6c9dd54f8f82\" role=\"button\" data-toggle=\"collapse\" data-parent=\"#accordion-3103-2\" data-target=\"#0b02a6c9dd54f8f82\" href=\"#0b02a6c9dd54f8f82\"><span class=\"fusion-toggle-icon-wrapper\" aria-hidden=\"true\"><i class=\"fa-fusion-box\" aria-hidden=\"true\"><\/i><\/span><span class=\"fusion-toggle-heading\">Quel type de cuisine tha\u00eflandaise propose Thai Celadon ?<\/span><\/a><\/h4><\/div><div id=\"0b02a6c9dd54f8f82\" class=\"panel-collapse collapse \"><div class=\"panel-body toggle-content fusion-clearfix\">\n<p>Thai Celadon propose une gastronomie tha\u00eflandaise raffin\u00e9e, inspir\u00e9e de recettes traditionnelles et des saveurs r\u00e9gionales de la Tha\u00eflande, pr\u00e9par\u00e9e avec des ingr\u00e9dients frais et des ar\u00f4mes \u00e9quilibr\u00e9s.<\/p>\n<\/div><\/div><\/div><div class=\"fusion-panel panel-default fusion-toggle-no-divider\"><div class=\"panel-heading\"><h4 class=\"panel-title toggle\"><a aria-expanded=\"false\" aria-controls=\"490ccf733e1d8ad35\" role=\"button\" data-toggle=\"collapse\" data-parent=\"#accordion-3103-2\" data-target=\"#490ccf733e1d8ad35\" href=\"#490ccf733e1d8ad35\"><span class=\"fusion-toggle-icon-wrapper\" aria-hidden=\"true\"><i class=\"fa-fusion-box\" aria-hidden=\"true\"><\/i><\/span><span class=\"fusion-toggle-heading\">Proposez-vous des options v\u00e9g\u00e9tariennes ou des plats \u00e0 base de plantes?<\/span><\/a><\/h4><\/div><div id=\"490ccf733e1d8ad35\" class=\"panel-collapse collapse \"><div class=\"panel-body toggle-content fusion-clearfix\">\n<p>Oui. Notre carte comprend une vari\u00e9t\u00e9 de plats v\u00e9g\u00e9tariens, et certaines pr\u00e9parations peuvent \u00eatre adapt\u00e9es selon les pr\u00e9f\u00e9rences alimentaires.<\/p>\n<\/div><\/div><\/div><div class=\"fusion-panel panel-default fusion-toggle-no-divider\"><div class=\"panel-heading\"><h4 class=\"panel-title toggle\"><a aria-expanded=\"false\" aria-controls=\"8c9d818caa69aedc8\" role=\"button\" data-toggle=\"collapse\" data-parent=\"#accordion-3103-2\" data-target=\"#8c9d818caa69aedc8\" href=\"#8c9d818caa69aedc8\"><span class=\"fusion-toggle-icon-wrapper\" aria-hidden=\"true\"><i class=\"fa-fusion-box\" aria-hidden=\"true\"><\/i><\/span><span class=\"fusion-toggle-heading\">Peut-on ajuster le niveau de piquant des plats ?<\/span><\/a><\/h4><\/div><div id=\"8c9d818caa69aedc8\" class=\"panel-collapse collapse \"><div class=\"panel-body toggle-content fusion-clearfix\">\n<p>Bien s\u00fbr. De nombreux plats peuvent \u00eatre pr\u00e9par\u00e9s avec diff\u00e9rents niveaux de piment selon votre pr\u00e9f\u00e9rence.<\/p>\n<\/div><\/div><\/div><div class=\"fusion-panel panel-default fusion-toggle-no-divider\"><div class=\"panel-heading\"><h4 class=\"panel-title toggle\"><a aria-expanded=\"false\" aria-controls=\"4e0a5790cbac5ce56\" role=\"button\" data-toggle=\"collapse\" data-parent=\"#accordion-3103-2\" data-target=\"#4e0a5790cbac5ce56\" href=\"#4e0a5790cbac5ce56\"><span class=\"fusion-toggle-icon-wrapper\" aria-hidden=\"true\"><i class=\"fa-fusion-box\" aria-hidden=\"true\"><\/i><\/span><span class=\"fusion-toggle-heading\">Quels sont vos plats signatures ?<\/span><\/a><\/h4><\/div><div id=\"4e0a5790cbac5ce56\" class=\"panel-collapse collapse \"><div class=\"panel-body toggle-content fusion-clearfix\">\n<p>Parmi nos cr\u00e9ations les plus appr\u00e9ci\u00e9es figurent le \u201cB\u0153uf au citron vert\u201d, le \u201cB\u0153uf Nam Tok\u201d, le \u201cpoulet croustillant \u00e0 la citronnelle (Kai Tra Kai)\u201d et les\u201d Scampis Emeraudes\u201d. Ces plats refl\u00e8tent l\u2019\u00e9quilibre et le caract\u00e8re de la cuisine tha\u00eflandaise.<\/p>\n<\/div><\/div><\/div><div class=\"fusion-panel panel-default fusion-toggle-no-divider\"><div class=\"panel-heading\"><h4 class=\"panel-title toggle\"><a aria-expanded=\"false\" aria-controls=\"a151f14035ddbd9c5\" role=\"button\" data-toggle=\"collapse\" data-parent=\"#accordion-3103-2\" data-target=\"#a151f14035ddbd9c5\" href=\"#a151f14035ddbd9c5\"><span class=\"fusion-toggle-icon-wrapper\" aria-hidden=\"true\"><i class=\"fa-fusion-box\" aria-hidden=\"true\"><\/i><\/span><span class=\"fusion-toggle-heading\">Proposez-vous des accords mets et vins avec la cuisine tha\u00eflandaise ?<\/span><\/a><\/h4><\/div><div id=\"a151f14035ddbd9c5\" class=\"panel-collapse collapse \"><div class=\"panel-body toggle-content fusion-clearfix\">\n<p>Oui. Notre \u00e9quipe se fera un plaisir de recommander des vins issus de notre s\u00e9lection soigneusement \u00e9labor\u00e9e afin d\u2019accompagner les saveurs de la cuisine tha\u00eflandaise.<\/p>\n<\/div><\/div><\/div><div class=\"fusion-panel panel-default fusion-toggle-no-divider\"><div class=\"panel-heading\"><h4 class=\"panel-title toggle\"><a aria-expanded=\"false\" aria-controls=\"73fe23fca22c24da0\" role=\"button\" data-toggle=\"collapse\" data-parent=\"#accordion-3103-2\" data-target=\"#73fe23fca22c24da0\" href=\"#73fe23fca22c24da0\"><span class=\"fusion-toggle-icon-wrapper\" aria-hidden=\"true\"><i class=\"fa-fusion-box\" aria-hidden=\"true\"><\/i><\/span><span class=\"fusion-toggle-heading\">Proposez-vous des plats tha\u00eflandais \u00e0 emporter \u00e0 Luxembourg-Ville ?<\/span><\/a><\/h4><\/div><div id=\"73fe23fca22c24da0\" class=\"panel-collapse collapse \"><div class=\"panel-body toggle-content fusion-clearfix\">\n<p>Oui. Une s\u00e9lection de plats de notre carte est disponible \u00e0 emporter pour vous permettre de savourer la cuisine de Thai Celadon chez vous.<\/p>\n<\/div><\/div><\/div><div class=\"fusion-panel panel-default fusion-toggle-no-divider\"><div class=\"panel-heading\"><h4 class=\"panel-title toggle\"><a aria-expanded=\"false\" aria-controls=\"792cd3c905ea67912\" role=\"button\" data-toggle=\"collapse\" data-parent=\"#accordion-3103-2\" data-target=\"#792cd3c905ea67912\" href=\"#792cd3c905ea67912\"><span class=\"fusion-toggle-icon-wrapper\" aria-hidden=\"true\"><i class=\"fa-fusion-box\" aria-hidden=\"true\"><\/i><\/span><span class=\"fusion-toggle-heading\">Les chiens sont-ils autoris\u00e9s dans le restaurant ?<\/span><\/a><\/h4><\/div><div id=\"792cd3c905ea67912\" class=\"panel-collapse collapse \"><div class=\"panel-body toggle-content fusion-clearfix\">\n<p>Pour le confort de tous nos clients, les chiens ne sont pas autoris\u00e9s \u00e0 l\u2019int\u00e9rieur du restaurant.<\/p>\n<\/div><\/div><\/div><div class=\"fusion-panel panel-default fusion-toggle-no-divider\"><div class=\"panel-heading\"><h4 class=\"panel-title toggle\"><a aria-expanded=\"false\" aria-controls=\"2922f9149eb8b7544\" role=\"button\" data-toggle=\"collapse\" data-parent=\"#accordion-3103-2\" data-target=\"#2922f9149eb8b7544\" href=\"#2922f9149eb8b7544\"><span class=\"fusion-toggle-icon-wrapper\" aria-hidden=\"true\"><i class=\"fa-fusion-box\" aria-hidden=\"true\"><\/i><\/span><span class=\"fusion-toggle-heading\">Proposez-vous des bons cadeaux ?<\/span><\/a><\/h4><\/div><div id=\"2922f9149eb8b7544\" class=\"panel-collapse collapse \"><div class=\"panel-body toggle-content fusion-clearfix\">\n<p>Oui. Des bons cadeaux sont disponibles si vous souhaitez offrir l\u2019exp\u00e9rience Thai Celadon \u00e0 vos amis, votre famille ou vos coll\u00e8gues.<\/p>\n<\/div><\/div><\/div><\/div><\/div><div class=\"fusion-clearfix\"><\/div><\/div><\/div><\/div><\/div><div class=\"fusion-fullwidth fullwidth-box fusion-builder-row-7 nonhundred-percent-fullwidth non-hundred-percent-height-scrolling fusion-equal-height-columns fusion-no-small-visibility fusion-no-medium-visibility\" style=\"background-color: #ffffff;background-position: center center;background-repeat: no-repeat;padding-top:0px;padding-right:0px;padding-bottom:0px;padding-left:0px;margin-bottom: 0px;margin-top: 0px;border-width: 0px 0px 0px 0px;border-color:#eae9e9;border-style:solid;\" ><div class=\"fusion-builder-row fusion-row\"><div class=\"fusion-layout-column fusion_builder_column fusion-builder-column-12 fusion_builder_column_1_4 1_4 fusion-one-fourth fusion-column-first\" style=\"width:25%;width:calc(25% - ( ( 2% + 2% + 2% ) * 0.25 ) );margin-right: 2%;margin-top:0px;margin-bottom:20px;\"><div class=\"fusion-column-wrapper fusion-flex-column-wrapper-legacy\" style=\"background-position:left top;background-repeat:no-repeat;-webkit-background-size:cover;-moz-background-size:cover;-o-background-size:cover;background-size:cover;background-color:#e8e8e8;padding: 0px 0px 0px 0px;\"><div class=\"fusion-column-content-centered\"><div class=\"fusion-column-content\"><div class=\"fusion-text fusion-text-9\"><p style=\"text-align: center;\">Pour un cadeau professionnel<br \/>\nou priv\u00e9, pensez \u00e0 procurer<br \/>\nune exp\u00e9rience culinaire avec<br \/>\n<strong>nos ch\u00e8ques-cadeaux<\/strong><\/p>\n<\/div><\/div><\/div><div class=\"fusion-clearfix\"><\/div><\/div><\/div><div class=\"fusion-layout-column fusion_builder_column fusion-builder-column-13 fusion_builder_column_1_4 1_4 fusion-one-fourth\" style=\"width:25%;width:calc(25% - ( ( 2% + 2% + 2% ) * 0.25 ) );margin-right: 2%;margin-top:0px;margin-bottom:20px;\"><div class=\"fusion-column-wrapper fusion-flex-column-wrapper-legacy\" style=\"background-position:left top;background-repeat:no-repeat;-webkit-background-size:cover;-moz-background-size:cover;-o-background-size:cover;background-size:cover;background-color:#e8e8e8;padding: 20px 0px 10px 0px;\"><div class=\"fusion-column-content-centered\"><div class=\"fusion-column-content\"><div class=\"fusion-text fusion-text-10\"><p style=\"text-align: center; margin-bottom: 0px;\"><span style=\"letter-spacing: 3px; color: #000;\"><br \/>\nLUNDI &#8211; VENDREDI<\/span><\/p>\n<p style=\"text-align: center;\">12:00 &#8211; 14:00<br \/>\n19:00 &#8211; 22:00<\/p>\n<p style=\"text-align: center; margin-bottom: 0px;\"><span style=\"letter-spacing: 3px; color: #000;\">SAMEDI<\/span><\/p>\n<p style=\"text-align: center;\">19:00 &#8211; 22:00<\/p>\n<\/div><\/div><\/div><div class=\"fusion-clearfix\"><\/div><\/div><\/div><div class=\"fusion-layout-column fusion_builder_column fusion-builder-column-14 fusion_builder_column_1_4 1_4 fusion-one-fourth\" style=\"width:25%;width:calc(25% - ( ( 2% + 2% + 2% ) * 0.25 ) );margin-right: 2%;margin-top:0px;margin-bottom:20px;\"><div class=\"fusion-column-wrapper fusion-flex-column-wrapper-legacy\" style=\"background-position:left top;background-repeat:no-repeat;-webkit-background-size:cover;-moz-background-size:cover;-o-background-size:cover;background-size:cover;background-color:#e8e8e8;padding: 0px 0px 0px 0px;\"><div class=\"fusion-column-content-centered\"><div class=\"fusion-column-content\"><div class=\"fusion-text fusion-text-11\"><p style=\"text-align: center;\">1, rue du Nord<br \/>\nL-2229 Luxembourg<\/p>\n<\/div><\/div><\/div><div class=\"fusion-clearfix\"><\/div><\/div><\/div><div class=\"fusion-layout-column fusion_builder_column fusion-builder-column-15 fusion_builder_column_1_4 1_4 fusion-one-fourth fusion-column-last\" style=\"width:25%;width:calc(25% - ( ( 2% + 2% + 2% ) * 0.25 ) );margin-top:0px;margin-bottom:0px;\"><div class=\"fusion-column-wrapper fusion-flex-column-wrapper-legacy\" style=\"background-position:left top;background-repeat:no-repeat;-webkit-background-size:cover;-moz-background-size:cover;-o-background-size:cover;background-size:cover;background-color:#e8e8e8;padding: 0px 0px 0px 0px;\"><div class=\"fusion-column-content-centered\"><div class=\"fusion-column-content\"><div class=\"fusion-text fusion-text-12\"><p style=\"text-align: center;\"><span style=\"letter-spacing: 3px; color: #000;\">SUIVEZ-NOUS SUR<\/span><\/p>\n<\/div><div class=\"aligncenter\"><div class=\"fusion-social-links\"><div class=\"fusion-social-networks boxed-icons\"><div class=\"fusion-social-networks-wrapper\"><a class=\"fusion-social-network-icon fusion-tooltip fusion-facebook fusion-icon-facebook\" style=\"color:#ffffff;font-size:16px;width: calc(16px + (2 * (12px)) + 2px);background-color:#595959;border-color:#595959;border-radius:50%;\" data-placement=\"top\" data-title=\"Facebook\" data-toggle=\"tooltip\" title=\"Facebook\" aria-label=\"facebook\" target=\"_blank\" rel=\"noopener noreferrer\" href=\"https:\/\/www.facebook.com\/thai.celadon\/\"><\/a><\/div><\/div><\/div><\/div><\/div><\/div><div class=\"fusion-clearfix\"><\/div><\/div><\/div><\/div><\/div><div class=\"fusion-fullwidth fullwidth-box fusion-builder-row-8 nonhundred-percent-fullwidth non-hundred-percent-height-scrolling fusion-equal-height-columns fusion-no-large-visibility\" style=\"background-color: #ffffff;background-position: center center;background-repeat: no-repeat;padding-top:0px;padding-right:0px;padding-bottom:0px;padding-left:0px;margin-bottom: 0px;margin-top: 0px;border-width: 0px 0px 0px 0px;border-color:#eae9e9;border-style:solid;\" ><div class=\"fusion-builder-row fusion-row\"><div class=\"fusion-layout-column fusion_builder_column fusion-builder-column-16 fusion_builder_column_1_4 1_4 fusion-one-fourth fusion-column-first\" style=\"width:25%;width:calc(25% - ( ( 2% + 2% + 2% ) * 0.25 ) );margin-right: 2%;margin-top:0px;margin-bottom:20px;\"><div class=\"fusion-column-wrapper fusion-flex-column-wrapper-legacy\" style=\"background-position:left top;background-repeat:no-repeat;-webkit-background-size:cover;-moz-background-size:cover;-o-background-size:cover;background-size:cover;background-color:#e8e8e8;padding: 0px 0px 0px 0px;\"><div class=\"fusion-column-content-centered\"><div class=\"fusion-column-content\"><div class=\"fusion-text fusion-text-13\"><p style=\"text-align: center;\">Cadeau professionnel ou priv\u00e9?<br \/>\nProcurez une exp\u00e9rience culinaire<br \/>\navec\u00a0<strong>nos ch\u00e8ques-cadeaux<\/strong><\/p>\n<\/div><\/div><\/div><div class=\"fusion-clearfix\"><\/div><\/div><\/div><div class=\"fusion-layout-column fusion_builder_column fusion-builder-column-17 fusion_builder_column_1_4 1_4 fusion-one-fourth\" style=\"width:25%;width:calc(25% - ( ( 2% + 2% + 2% ) * 0.25 ) );margin-right: 2%;margin-top:0px;margin-bottom:20px;\"><div class=\"fusion-column-wrapper fusion-flex-column-wrapper-legacy\" style=\"background-position:left top;background-repeat:no-repeat;-webkit-background-size:cover;-moz-background-size:cover;-o-background-size:cover;background-size:cover;background-color:#e8e8e8;padding: 20px 0px 10px 0px;\"><div class=\"fusion-column-content-centered\"><div class=\"fusion-column-content\"><div class=\"fusion-text fusion-text-14\"><p style=\"text-align: center; margin-bottom: 0px;\"><span style=\"letter-spacing: 3px; color: #000;\">LUNDI &#8211; VENDREDI<\/span><\/p>\n<p style=\"text-align: center;\">12:00 &#8211; 14:00<br \/>\n19:00 &#8211; 22:00<\/p>\n<p style=\"text-align: center; margin-bottom: 0px;\"><span style=\"letter-spacing: 3px; color: #000;\">SAMEDI<\/span><\/p>\n<p style=\"text-align: center;\">19:00 &#8211; 22:00<\/p>\n<\/div><\/div><\/div><div class=\"fusion-clearfix\"><\/div><\/div><\/div><div class=\"fusion-layout-column fusion_builder_column fusion-builder-column-18 fusion_builder_column_1_4 1_4 fusion-one-fourth\" style=\"width:25%;width:calc(25% - ( ( 2% + 2% + 2% ) * 0.25 ) );margin-right: 2%;margin-top:0px;margin-bottom:20px;\"><div class=\"fusion-column-wrapper fusion-flex-column-wrapper-legacy\" style=\"background-position:left top;background-repeat:no-repeat;-webkit-background-size:cover;-moz-background-size:cover;-o-background-size:cover;background-size:cover;background-color:#e8e8e8;padding: 0px 0px 0px 0px;\"><div class=\"fusion-column-content-centered\"><div class=\"fusion-column-content\"><div class=\"fusion-text fusion-text-15\"><p style=\"text-align: center;\">1, rue du Nord<br \/>\nL-2229 Luxembourg<\/p>\n<\/div><\/div><\/div><div class=\"fusion-clearfix\"><\/div><\/div><\/div><div class=\"fusion-layout-column fusion_builder_column fusion-builder-column-19 fusion_builder_column_1_4 1_4 fusion-one-fourth fusion-column-last\" style=\"width:25%;width:calc(25% - ( ( 2% + 2% + 2% ) * 0.25 ) );margin-top:0px;margin-bottom:0px;\"><div class=\"fusion-column-wrapper fusion-flex-column-wrapper-legacy\" style=\"background-position:left top;background-repeat:no-repeat;-webkit-background-size:cover;-moz-background-size:cover;-o-background-size:cover;background-size:cover;background-color:#e8e8e8;padding: 0px 0px 0px 0px;\"><div class=\"fusion-column-content-centered\"><div class=\"fusion-column-content\"><div class=\"fusion-text fusion-text-16\"><p style=\"text-align: center;\"><span style=\"letter-spacing: 3px; color: #000;\">SUIVEZ-NOUS SUR<\/span><\/p>\n<\/div><div class=\"aligncenter\"><div class=\"fusion-social-links\"><div class=\"fusion-social-networks boxed-icons\"><div class=\"fusion-social-networks-wrapper\"><a class=\"fusion-social-network-icon fusion-tooltip fusion-facebook fusion-icon-facebook\" style=\"color:#ffffff;font-size:16px;width: calc(16px + (2 * (12px)) + 2px);background-color:#595959;border-color:#595959;border-radius:50%;\" data-placement=\"top\" data-title=\"Facebook\" data-toggle=\"tooltip\" title=\"Facebook\" aria-label=\"facebook\" target=\"_blank\" rel=\"noopener noreferrer\" href=\"https:\/\/www.facebook.com\/thai.celadon\/\"><\/a><\/div><\/div><\/div><\/div><\/div><\/div><div class=\"fusion-clearfix\"><\/div><\/div><\/div><\/div><\/div>\n<\/p>","protected":false},"excerpt":{"rendered":"","protected":false},"author":1,"featured_media":0,"parent":0,"menu_order":0,"comment_status":"open","ping_status":"open","template":"100-width.php","meta":{"footnotes":""},"class_list":["post-3103","page","type-page","status-publish","hentry"],"_links":{"self":[{"href":"https:\/\/www.thai.lu\/fr\/wp-json\/wp\/v2\/pages\/3103","targetHints":{"allow":["GET"]}}],"collection":[{"href":"https:\/\/www.thai.lu\/fr\/wp-json\/wp\/v2\/pages"}],"about":[{"href":"https:\/\/www.thai.lu\/fr\/wp-json\/wp\/v2\/types\/page"}],"author":[{"embeddable":true,"href":"https:\/\/www.thai.lu\/fr\/wp-json\/wp\/v2\/users\/1"}],"replies":[{"embeddable":true,"href":"https:\/\/www.thai.lu\/fr\/wp-json\/wp\/v2\/comments?post=3103"}],"version-history":[{"count":11,"href":"https:\/\/www.thai.lu\/fr\/wp-json\/wp\/v2\/pages\/3103\/revisions"}],"predecessor-version":[{"id":3272,"href":"https:\/\/www.thai.lu\/fr\/wp-json\/wp\/v2\/pages\/3103\/revisions\/3272"}],"wp:attachment":[{"href":"https:\/\/www.thai.lu\/fr\/wp-json\/wp\/v2\/media?parent=3103"}],"curies":[{"name":"wp","href":"https:\/\/api.w.org\/{rel}","templated":true}]}}