{"id":3197,"date":"2026-03-31T11:04:18","date_gmt":"2026-03-31T11:04:18","guid":{"rendered":"https:\/\/www.thai.lu\/?page_id=3197"},"modified":"2026-04-02T15:08:27","modified_gmt":"2026-04-02T15:08:27","slug":"signature","status":"publish","type":"page","link":"https:\/\/www.thai.lu\/fr\/signature\/","title":{"rendered":"PLATS SIGNATURE"},"content":{"rendered":"<p><div class=\"fusion-fullwidth fullwidth-box fusion-builder-row-7 nonhundred-percent-fullwidth non-hundred-percent-height-scrolling\" style=\"background-color: #ffffff;background-position: center center;background-repeat: no-repeat;padding-top:0px;padding-right:0px;padding-bottom:0px;padding-left:0px;margin-bottom: 0px;margin-top: 0px;border-width: 0px 0px 0px 0px;border-color:#eae9e9;border-style:solid;\" ><div class=\"fusion-builder-row fusion-row\"><div class=\"fusion-layout-column fusion_builder_column fusion-builder-column-14 fusion_builder_column_1_1 1_1 fusion-one-full fusion-column-first fusion-column-last\" style=\"margin-top:0px;margin-bottom:20px;\"><div class=\"fusion-column-wrapper fusion-flex-column-wrapper-legacy\" style=\"background-position:left top;background-repeat:no-repeat;-webkit-background-size:cover;-moz-background-size:cover;-o-background-size:cover;background-size:cover;padding: 0px 0px 0px 0px;\"><div class=\"fusion-text fusion-text-24\"><h3 style=\"text-align: center; font-size: 33px; line-height: 50px;\">Tradition et modernit\u00e9<\/h3>\n<\/div><div class=\"fusion-sep-clear\"><\/div><div class=\"fusion-separator\" style=\"margin-left: auto;margin-right: auto;margin-top:5px;margin-bottom:20px;width:100%;max-width:30px;\"><div class=\"fusion-separator-border sep-single sep-solid\" style=\"border-color:#999999;border-top-width:1px;\"><\/div><\/div><div class=\"fusion-sep-clear\"><\/div><div class=\"fusion-clearfix\"><\/div><\/div><\/div><\/div><\/div><div class=\"fusion-fullwidth fullwidth-box fusion-builder-row-8 nonhundred-percent-fullwidth non-hundred-percent-height-scrolling\" style=\"background-color: #ffffff;background-position: left top;background-repeat: no-repeat;padding-top:0px;padding-right:0px;padding-bottom:50px;padding-left:0px;margin-bottom: 0px;margin-top: 0px;border-width: 0px 0px 0px 0px;border-color:#eae9e9;border-style:solid;\" ><div class=\"fusion-builder-row fusion-row\"><div class=\"fusion-layout-column fusion_builder_column fusion-builder-column-15 fusion_builder_column_1_1 1_1 fusion-one-full fusion-column-first fusion-column-last fusion-column-no-min-height\" style=\"margin-top:0px;margin-bottom:0px;\"><div class=\"fusion-column-wrapper fusion-flex-column-wrapper-legacy\" style=\"background-position:left top;background-repeat:no-repeat;-webkit-background-size:cover;-moz-background-size:cover;-o-background-size:cover;background-size:cover;padding: 0px 0px 0px 0px;\"><!-- Zenchef Widget SDK -->\n<script>;(function (d, s, id) {const el = d.getElementsByTagName(s)[0]; if (d.getElementById(id) || el.parentNode == null) {return;} var js = d.createElement(s);  js.id = id; js.async = true; js.src = 'https:\/\/sdk.zenchef.com\/v1\/sdk.min.js';  el.parentNode.insertBefore(js, el); })(document, 'script', 'zenchef-sdk')<\/script>\n<div\n   class=\"zc-widget-config\"\n   data-restaurant=\"382815\"\n   data-open=\"\"\n   data-lang=\"fr\"\n   data-primary-color=\"b47b2d\"><\/div><div class=\"fusion-clearfix\"><\/div><\/div><\/div><\/div><\/div>\n<div class=\"fusion-fullwidth fullwidth-box fusion-builder-row-9 fusion-flex-container hundred-percent-fullwidth non-hundred-percent-height-scrolling\" style=\"background-color: #ffffff;background-position: left top;background-repeat: no-repeat;border-width: 0px 0px 0px 0px;border-color:#eae9e9;border-style:solid;\" ><div class=\"fusion-builder-row fusion-row fusion-flex-align-items-flex-start\" style=\"width:calc( 100% + 0px ) !important;max-width:calc( 100% + 0px ) !important;margin-left: calc(-0px \/ 2 );margin-right: calc(-0px \/ 2 );\"><div class=\"fusion-layout-column fusion_builder_column fusion-builder-column-16 fusion_builder_column_2_5 2_5 fusion-flex-column fusion-column-inner-bg-wrapper\"><div class=\"fusion-column-wrapper fusion-flex-justify-content-flex-start fusion-content-layout-column\" style=\"padding: 0px 0px 0px 0px;\" data-bg-url=\"https:\/\/www.thai.lu\/wp-content\/uploads\/2026\/03\/celadon-website-001.jpg\"><\/div><span class=\"fusion-column-inner-bg hover-type-zoomin\"><a class=\"fusion-column-anchor\"><span class=\"fusion-column-inner-bg-image\" style=\"background-image: url(&#039;https:\/\/www.thai.lu\/wp-content\/uploads\/2026\/03\/celadon-website-001.jpg&#039;);background-position:center center;background-repeat:no-repeat;-webkit-background-size:cover;-moz-background-size:cover;-o-background-size:cover;background-size:cover;\"><\/span><\/a><\/span><style type=\"text\/css\">.fusion-body .fusion-builder-column-16{width:40% !important;margin-top : 0px;margin-bottom : 0px;}.fusion-builder-column-16 > .fusion-column-wrapper {padding-top : 0px !important;padding-right : 0px !important;margin-right : 0px;padding-bottom : 0px !important;padding-left : 0px !important;margin-left : 0px;}.fusion-flex-container .fusion-row .fusion-builder-column-16 > .fusion-column-inner-bg { margin-right:0px;margin-left:0px; }@media only screen and (max-width:1024px) {.fusion-body .fusion-builder-column-16{width:100% !important;order : 0;}.fusion-builder-column-16 > .fusion-column-wrapper {margin-right : 0px;margin-left : 0px;}.fusion-flex-container .fusion-row .fusion-builder-column-16 > .fusion-column-inner-bg { margin-right:0px;margin-left:0px; }}@media only screen and (max-width:640px) {.fusion-body .fusion-builder-column-16{width:100% !important;order : 0;}.fusion-builder-column-16 > .fusion-column-wrapper {margin-right : 0px;margin-left : 0px;}.fusion-flex-container .fusion-row .fusion-builder-column-16 > .fusion-column-inner-bg { margin-right:0px;margin-left:0px; }}<\/style><\/div><div class=\"fusion-layout-column fusion_builder_column fusion-builder-column-17 fusion_builder_column_3_5 3_5 fusion-flex-column\"><div class=\"fusion-column-wrapper fusion-flex-justify-content-flex-start fusion-content-layout-column\" style=\"background-position:left top;background-repeat:no-repeat;-webkit-background-size:cover;-moz-background-size:cover;-o-background-size:cover;background-size:cover;padding: 0px 13% 0px 13%;\"><div class=\"fusion-text fusion-text-25\"><h3 style=\"text-align: left; font-size: 24px;\">Boeuf au Citron vert<\/h3>\n<\/div><div class=\"fusion-text fusion-text-26\"><div style=\"text-align: left;\">\n<p>Au Thai Celadon, le b\u0153uf au citron vert exprime l\u2019\u00e9quilibre subtil de la gastronomie tha\u00eflandaise. Une viande tendre, relev\u00e9e de jus de citron vert frais, d\u2019herbes aromatiques et d\u2019\u00e9pices d\u00e9licates, pour un r\u00e9sultat \u00e0 la fois l\u00e9ger et \u00e9l\u00e9gant.<\/p>\n<\/div>\n<\/div><div class=\"fusion-text fusion-text-27\"><h3 style=\"text-align: left; font-size: 24px;\">Boeuf Nam Tok<\/h3>\n<\/div><div class=\"fusion-text fusion-text-28\"><div style=\"text-align: left;\">\n<p>Plat embl\u00e9matique inspir\u00e9 de la tradition tha\u00eflandaise, le B\u0153uf Nam Tok associe fines tranches de b\u0153uf, citron vert, poudre de riz grill\u00e9 et herbes fra\u00eeches. Une composition aromatique et raffin\u00e9e.<\/p>\n<\/div>\n<\/div><div class=\"fusion-text fusion-text-29\"><h3 style=\"text-align: left; font-size: 24px;\">Poulet croustillant \u00e0 la citronnelle (Kai Tra Kai)<\/h3>\n<\/div><div class=\"fusion-text fusion-text-30\"><div style=\"text-align: left;\">\n<p>Marin\u00e9 \u00e0 la citronnelle et aux aromates tha\u00eflandais, ce poulet offre un contraste parfait entre croustillant et tendret\u00e9, dans une interpr\u00e9tation \u00e9l\u00e9gante des saveurs traditionnelles.<\/p>\n<\/div>\n<\/div><div class=\"fusion-text fusion-text-31\"><h3 style=\"text-align: left; font-size: 24px;\">Emerald Shrimp<\/h3>\n<\/div><div class=\"fusion-text fusion-text-32\"><div style=\"text-align: left;\">\n<p>Plat signature distinctif, les scampis sont napp\u00e9s d\u2019un curry vert cr\u00e9meux et d\u00e9licatement \u00e9pic\u00e9. Des raisins verts frais apportent une touche de douceur, tandis que la noix de coco grill\u00e9e ajoute texture et chaleur.<\/p>\n<\/div>\n<\/div><\/div><style type=\"text\/css\">.fusion-body .fusion-builder-column-17{width:60% !important;margin-top : 0px;margin-bottom : 0px;}.fusion-builder-column-17 > .fusion-column-wrapper {padding-top : 0px !important;padding-right : 13% !important;margin-right : 0px;padding-bottom : 0px !important;padding-left : 13% !important;margin-left : 0px;}@media only screen and (max-width:1024px) {.fusion-body .fusion-builder-column-17{width:100% !important;order : 0;}.fusion-builder-column-17 > .fusion-column-wrapper {margin-right : 0px;margin-left : 0px;}}@media only screen and (max-width:640px) {.fusion-body .fusion-builder-column-17{width:100% !important;order : 0;}.fusion-builder-column-17 > .fusion-column-wrapper {margin-right : 0px;margin-left : 0px;}}<\/style><\/div><\/div><style type=\"text\/css\">.fusion-body .fusion-flex-container.fusion-builder-row-9{ padding-top : 0px;margin-top : 0px;padding-right : 0px;padding-bottom : 0px;margin-bottom : 75px;padding-left : 0px;}<\/style><\/div><div class=\"fusion-fullwidth fullwidth-box fusion-builder-row-10 fusion-flex-container hundred-percent-fullwidth non-hundred-percent-height-scrolling\" style=\"background-color: #ffffff;background-position: left top;background-repeat: no-repeat;border-width: 0px 0px 0px 0px;border-color:#eae9e9;border-style:solid;\" ><div class=\"fusion-builder-row fusion-row fusion-flex-align-items-flex-start\" style=\"width:calc( 100% + 0px ) !important;max-width:calc( 100% + 0px ) !important;margin-left: calc(-0px \/ 2 );margin-right: calc(-0px \/ 2 );\"><div class=\"fusion-layout-column fusion_builder_column fusion-builder-column-18 fusion_builder_column_3_5 3_5 fusion-flex-column\"><div class=\"fusion-column-wrapper fusion-flex-justify-content-flex-start fusion-content-layout-column\" style=\"background-position:left top;background-repeat:no-repeat;-webkit-background-size:cover;-moz-background-size:cover;-o-background-size:cover;background-size:cover;padding: 0px 13% 0px 13%;\"><div class=\"fusion-text fusion-text-33\"><h3 style=\"text-align: left; font-size: 24px;\"><strong>Menu de Saison : Printemps<\/strong><\/h3>\n<\/div><div class=\"fusion-text fusion-text-34\"><div style=\"text-align: left;\">\n<h4><strong>Asperges vertes saut\u00e9es au wok avec scampis et p\u00e2te de piment grill\u00e9 maison (Nam Prik Pao)<\/strong><\/h4>\n<p>Un plat de saison tr\u00e8s attendu au Thai Celadon \u00e0 Luxembourg-Ville, c\u00e9l\u00e9brant l\u2019arriv\u00e9e \u00e9ph\u00e9m\u00e8re des asperges fra\u00eeches de printemps. Les asperges vertes tendres sont rapidement saut\u00e9es afin de pr\u00e9server leur croquant et leur douceur naturelle, puis associ\u00e9es \u00e0 de savoureux scampis. Le tout est sublim\u00e9 par notre p\u00e2te de piment grill\u00e9 maison (Nam Prik Pao), qui apporte de d\u00e9licates notes fum\u00e9es et une chaleur subtile, mettant en valeur les saveurs vibrantes des l\u00e9gumes et des fruits de mer. Disponible uniquement pendant la saison des asperges, en avril et mai.<\/p>\n<\/div>\n<\/div><div class=\"fusion-text fusion-text-35\"><h3 style=\"text-align: left; font-size: 24px;\"><strong>Menu de Saison : \u00c9t\u00e9<\/strong><\/h3>\n<\/div><div class=\"fusion-text fusion-text-36\"><div style=\"text-align: left;\">\n<h4><strong>Salade de haricots verts avec p\u00e2te de piment grill\u00e9 maison (Nam Prik Pao)<\/strong><\/h4>\n<p>Une interpr\u00e9tation estivale vibrante d\u2019un grand classique tha\u00eflandais au Thai Celadon \u00e0 Luxembourg-Ville. Inspir\u00e9 du traditionnel Yum Tua Puu (salade de haricots ail\u00e9s), ce plat de saison met en valeur des haricots verts locaux croquants, m\u00e9lang\u00e9s \u00e0 du lait de coco parfum\u00e9 et \u00e0 notre p\u00e2te de piment grill\u00e9 maison (Nam Prik Pao). Agr\u00e9ment\u00e9e de noix de cajou grill\u00e9es pour plus de texture et de chaleur, cette salade offre un \u00e9quilibre d\u00e9licat entre fra\u00eecheur, l\u00e9g\u00e8re note \u00e9pic\u00e9e et richesse gourmande. L\u00e9g\u00e8re, parfum\u00e9e et rafra\u00eechissante \u2014 une parfaite expression des saveurs tha\u00eflandaises en \u00e9t\u00e9.<\/p>\n<\/div>\n<\/div><div class=\"fusion-text fusion-text-37\"><h3 style=\"text-align: left; font-size: 24px;\"><strong>Menu de Saison : Hiver<\/strong><\/h3>\n<\/div><div class=\"fusion-text fusion-text-38\"><div style=\"text-align: left;\">\n<h4><strong>Recette \u00a0du Nord de la Tha\u00eflande compos\u00e9e de tomates, porc et l\u00e9gumes frais<\/strong><\/h4>\n<p>Une sp\u00e9cialit\u00e9 appr\u00e9ci\u00e9e du nord de la Tha\u00eflande, le <strong>Nam Prik Ong<\/strong> est une pr\u00e9paration douce mais extr\u00eamement savoureuse. Le porc hach\u00e9 est mijot\u00e9 lentement avec de l\u2019ail et de petites tomates, cr\u00e9ant une sauce onctueuse et parfum\u00e9e aux saveurs \u00e9quilibr\u00e9es. Servi avec un assortiment color\u00e9 de l\u00e9gumes frais de saison \u2014 notamment endive croquante, gombo vert, courgette et concombre \u2014 ce plat offre un contraste d\u00e9licieux entre la fra\u00eecheur croquante et la chaleureuse pr\u00e9paration. Simple, convivial et irr\u00e9sistiblement gourmand.<\/p>\n<\/div>\n<\/div><\/div><style type=\"text\/css\">.fusion-body .fusion-builder-column-18{width:60% !important;margin-top : 0px;margin-bottom : 0px;}.fusion-builder-column-18 > .fusion-column-wrapper {padding-top : 0px !important;padding-right : 13% !important;margin-right : 0px;padding-bottom : 0px !important;padding-left : 13% !important;margin-left : 0px;}@media only screen and (max-width:1024px) {.fusion-body .fusion-builder-column-18{width:100% !important;order : 0;}.fusion-builder-column-18 > .fusion-column-wrapper {margin-right : 0px;margin-left : 0px;}}@media only screen and (max-width:640px) {.fusion-body .fusion-builder-column-18{width:100% !important;order : 0;}.fusion-builder-column-18 > .fusion-column-wrapper {margin-right : 0px;margin-left : 0px;}}<\/style><\/div><div class=\"fusion-layout-column fusion_builder_column fusion-builder-column-19 fusion_builder_column_2_5 2_5 fusion-flex-column fusion-column-inner-bg-wrapper\"><div class=\"fusion-column-wrapper fusion-flex-justify-content-flex-start fusion-content-layout-column\" style=\"padding: 0px 0px 0px 0px;\" data-bg-url=\"https:\/\/www.thai.lu\/wp-content\/uploads\/2018\/10\/IMG_9798_ok.jpg\"><\/div><span class=\"fusion-column-inner-bg hover-type-zoomin\"><a class=\"fusion-column-anchor\"><span class=\"fusion-column-inner-bg-image\" style=\"background-image: url(&#039;https:\/\/www.thai.lu\/wp-content\/uploads\/2018\/10\/IMG_9798_ok.jpg&#039;);background-position:center center;background-repeat:no-repeat;-webkit-background-size:cover;-moz-background-size:cover;-o-background-size:cover;background-size:cover;\"><\/span><\/a><\/span><style type=\"text\/css\">.fusion-body .fusion-builder-column-19{width:40% !important;margin-top : 0px;margin-bottom : 0px;}.fusion-builder-column-19 > .fusion-column-wrapper {padding-top : 0px !important;padding-right : 0px !important;margin-right : 0px;padding-bottom : 0px !important;padding-left : 0px !important;margin-left : 0px;}.fusion-flex-container .fusion-row .fusion-builder-column-19 > .fusion-column-inner-bg { margin-right:0px;margin-left:0px; }@media only screen and (max-width:1024px) {.fusion-body .fusion-builder-column-19{width:100% !important;order : 0;}.fusion-builder-column-19 > .fusion-column-wrapper {margin-right : 0px;margin-left : 0px;}.fusion-flex-container .fusion-row .fusion-builder-column-19 > .fusion-column-inner-bg { margin-right:0px;margin-left:0px; }}@media only screen and (max-width:640px) {.fusion-body .fusion-builder-column-19{width:100% !important;order : 0;}.fusion-builder-column-19 > .fusion-column-wrapper {margin-right : 0px;margin-left : 0px;}.fusion-flex-container .fusion-row .fusion-builder-column-19 > .fusion-column-inner-bg { margin-right:0px;margin-left:0px; }}<\/style><\/div><\/div><style type=\"text\/css\">.fusion-body .fusion-flex-container.fusion-builder-row-10{ padding-top : 0px;margin-top : 0px;padding-right : 0px;padding-bottom : 0px;margin-bottom : 75px;padding-left : 0px;}<\/style><\/div><div class=\"fusion-fullwidth fullwidth-box fusion-builder-row-11 nonhundred-percent-fullwidth non-hundred-percent-height-scrolling fusion-equal-height-columns fusion-no-small-visibility fusion-no-medium-visibility\" style=\"background-color: #ffffff;background-position: center center;background-repeat: no-repeat;padding-top:0px;padding-right:0px;padding-bottom:0px;padding-left:0px;margin-bottom: 0px;margin-top: 0px;border-width: 0px 0px 0px 0px;border-color:#eae9e9;border-style:solid;\" ><div class=\"fusion-builder-row fusion-row\"><div class=\"fusion-layout-column fusion_builder_column fusion-builder-column-20 fusion_builder_column_1_4 1_4 fusion-one-fourth fusion-column-first\" style=\"width:25%;width:calc(25% - ( ( 2% + 2% + 2% ) * 0.25 ) );margin-right: 2%;margin-top:0px;margin-bottom:20px;\"><div class=\"fusion-column-wrapper fusion-flex-column-wrapper-legacy\" style=\"background-position:left top;background-repeat:no-repeat;-webkit-background-size:cover;-moz-background-size:cover;-o-background-size:cover;background-size:cover;background-color:#e8e8e8;padding: 0px 0px 0px 0px;\"><div class=\"fusion-column-content-centered\"><div class=\"fusion-column-content\"><div class=\"fusion-text fusion-text-39\"><p style=\"text-align: center;\">Pour un cadeau professionnel<br \/>\nou priv\u00e9, pensez \u00e0 procurer<br \/>\nune exp\u00e9rience culinaire avec<br \/>\n<strong>nos ch\u00e8ques-cadeaux<\/strong><\/p>\n<\/div><\/div><\/div><div class=\"fusion-clearfix\"><\/div><\/div><\/div><div class=\"fusion-layout-column fusion_builder_column fusion-builder-column-21 fusion_builder_column_1_4 1_4 fusion-one-fourth\" style=\"width:25%;width:calc(25% - ( ( 2% + 2% + 2% ) * 0.25 ) );margin-right: 2%;margin-top:0px;margin-bottom:20px;\"><div class=\"fusion-column-wrapper fusion-flex-column-wrapper-legacy\" style=\"background-position:left top;background-repeat:no-repeat;-webkit-background-size:cover;-moz-background-size:cover;-o-background-size:cover;background-size:cover;background-color:#e8e8e8;padding: 20px 0px 10px 0px;\"><div class=\"fusion-column-content-centered\"><div class=\"fusion-column-content\"><div class=\"fusion-text fusion-text-40\"><p style=\"text-align: center; margin-bottom: 0px;\"><span style=\"letter-spacing: 3px; color: #000;\">LUNDI <\/span><span style=\"letter-spacing: 3px; color: #000;\">&#8211; VENDREDI<\/span><\/p>\n<p style=\"text-align: center;\">12:00 &#8211; 14:00<br \/>\n19:00 &#8211; 22:00<\/p>\n<p style=\"text-align: center; margin-bottom: 0px;\"><span style=\"letter-spacing: 3px; color: #000;\">SAMEDI<\/span><\/p>\n<p style=\"text-align: center;\">19:00 &#8211; 22:00<\/p>\n<\/div><\/div><\/div><div class=\"fusion-clearfix\"><\/div><\/div><\/div><div class=\"fusion-layout-column fusion_builder_column fusion-builder-column-22 fusion_builder_column_1_4 1_4 fusion-one-fourth\" style=\"width:25%;width:calc(25% - ( ( 2% + 2% + 2% ) * 0.25 ) );margin-right: 2%;margin-top:0px;margin-bottom:20px;\"><div class=\"fusion-column-wrapper fusion-flex-column-wrapper-legacy\" style=\"background-position:left top;background-repeat:no-repeat;-webkit-background-size:cover;-moz-background-size:cover;-o-background-size:cover;background-size:cover;background-color:#e8e8e8;padding: 0px 0px 0px 0px;\"><div class=\"fusion-column-content-centered\"><div class=\"fusion-column-content\"><div class=\"fusion-text fusion-text-41\"><p style=\"text-align: center;\">1, rue du Nord<br \/>\nL-2229 Luxembourg<\/p>\n<\/div><\/div><\/div><div class=\"fusion-clearfix\"><\/div><\/div><\/div><div class=\"fusion-layout-column fusion_builder_column fusion-builder-column-23 fusion_builder_column_1_4 1_4 fusion-one-fourth fusion-column-last\" style=\"width:25%;width:calc(25% - ( ( 2% + 2% + 2% ) * 0.25 ) );margin-top:0px;margin-bottom:0px;\"><div class=\"fusion-column-wrapper fusion-flex-column-wrapper-legacy\" style=\"background-position:left top;background-repeat:no-repeat;-webkit-background-size:cover;-moz-background-size:cover;-o-background-size:cover;background-size:cover;background-color:#e8e8e8;padding: 0px 0px 0px 0px;\"><div class=\"fusion-column-content-centered\"><div class=\"fusion-column-content\"><div class=\"fusion-text fusion-text-42\"><p style=\"text-align: center;\"><span style=\"letter-spacing: 3px; color: #000;\">SUIVEZ-NOUS SUR<\/span><\/p>\n<\/div><div class=\"aligncenter\"><div class=\"fusion-social-links\"><div class=\"fusion-social-networks boxed-icons\"><div class=\"fusion-social-networks-wrapper\"><a class=\"fusion-social-network-icon fusion-tooltip fusion-facebook fusion-icon-facebook\" style=\"color:#ffffff;font-size:16px;width: calc(16px + (2 * (12px)) + 2px);background-color:#595959;border-color:#595959;border-radius:50%;\" data-placement=\"top\" data-title=\"Facebook\" data-toggle=\"tooltip\" title=\"Facebook\" aria-label=\"facebook\" target=\"_blank\" rel=\"noopener noreferrer\" href=\"https:\/\/www.facebook.com\/thai.celadon\/\"><\/a><\/div><\/div><\/div><\/div><\/div><\/div><div class=\"fusion-clearfix\"><\/div><\/div><\/div><\/div><\/div><div class=\"fusion-fullwidth fullwidth-box fusion-builder-row-12 nonhundred-percent-fullwidth non-hundred-percent-height-scrolling fusion-equal-height-columns fusion-no-large-visibility\" style=\"background-color: #ffffff;background-position: center center;background-repeat: no-repeat;padding-top:0px;padding-right:0px;padding-bottom:0px;padding-left:0px;margin-bottom: 0px;margin-top: 0px;border-width: 0px 0px 0px 0px;border-color:#eae9e9;border-style:solid;\" ><div class=\"fusion-builder-row fusion-row\"><div class=\"fusion-layout-column fusion_builder_column fusion-builder-column-24 fusion_builder_column_1_4 1_4 fusion-one-fourth fusion-column-first\" style=\"width:25%;width:calc(25% - ( ( 2% + 2% + 2% ) * 0.25 ) );margin-right: 2%;margin-top:0px;margin-bottom:20px;\"><div class=\"fusion-column-wrapper fusion-flex-column-wrapper-legacy\" style=\"background-position:left top;background-repeat:no-repeat;-webkit-background-size:cover;-moz-background-size:cover;-o-background-size:cover;background-size:cover;background-color:#e8e8e8;padding: 0px 0px 0px 0px;\"><div class=\"fusion-column-content-centered\"><div class=\"fusion-column-content\"><div class=\"fusion-text fusion-text-43\"><p style=\"text-align: center;\">Cadeau professionnel ou priv\u00e9?<br \/>\nProcurez une exp\u00e9rience culinaire<br \/>\navec\u00a0<strong>nos ch\u00e8ques-cadeaux<\/strong><\/p>\n<\/div><\/div><\/div><div class=\"fusion-clearfix\"><\/div><\/div><\/div><div class=\"fusion-layout-column fusion_builder_column fusion-builder-column-25 fusion_builder_column_1_4 1_4 fusion-one-fourth\" style=\"width:25%;width:calc(25% - ( ( 2% + 2% + 2% ) * 0.25 ) );margin-right: 2%;margin-top:0px;margin-bottom:20px;\"><div class=\"fusion-column-wrapper fusion-flex-column-wrapper-legacy\" style=\"background-position:left top;background-repeat:no-repeat;-webkit-background-size:cover;-moz-background-size:cover;-o-background-size:cover;background-size:cover;background-color:#e8e8e8;padding: 20px 0px 10px 0px;\"><div class=\"fusion-column-content-centered\"><div class=\"fusion-column-content\"><div class=\"fusion-text fusion-text-44\"><p style=\"text-align: center; margin-bottom: 0px;\"><span style=\"letter-spacing: 3px; color: #000;\">LUNDI &#8211; VENDREDI<\/span><\/p>\n<p style=\"text-align: center;\">12:00 &#8211; 14:00<br \/>\n19:00 &#8211; 22:00<\/p>\n<p style=\"text-align: center; margin-bottom: 0px;\"><span style=\"letter-spacing: 3px; color: #000;\">SAMEDI<\/span><\/p>\n<p style=\"text-align: center;\">19:00 &#8211; 22:00<\/p>\n<\/div><\/div><\/div><div class=\"fusion-clearfix\"><\/div><\/div><\/div><div class=\"fusion-layout-column fusion_builder_column fusion-builder-column-26 fusion_builder_column_1_4 1_4 fusion-one-fourth\" style=\"width:25%;width:calc(25% - ( ( 2% + 2% + 2% ) * 0.25 ) );margin-right: 2%;margin-top:0px;margin-bottom:20px;\"><div class=\"fusion-column-wrapper fusion-flex-column-wrapper-legacy\" style=\"background-position:left top;background-repeat:no-repeat;-webkit-background-size:cover;-moz-background-size:cover;-o-background-size:cover;background-size:cover;background-color:#e8e8e8;padding: 0px 0px 0px 0px;\"><div class=\"fusion-column-content-centered\"><div class=\"fusion-column-content\"><div class=\"fusion-text fusion-text-45\"><p style=\"text-align: center;\">1, rue du Nord<br \/>\nL-2229 Luxembourg<\/p>\n<\/div><\/div><\/div><div class=\"fusion-clearfix\"><\/div><\/div><\/div><div class=\"fusion-layout-column fusion_builder_column fusion-builder-column-27 fusion_builder_column_1_4 1_4 fusion-one-fourth fusion-column-last\" style=\"width:25%;width:calc(25% - ( ( 2% + 2% + 2% ) * 0.25 ) );margin-top:0px;margin-bottom:0px;\"><div class=\"fusion-column-wrapper fusion-flex-column-wrapper-legacy\" style=\"background-position:left top;background-repeat:no-repeat;-webkit-background-size:cover;-moz-background-size:cover;-o-background-size:cover;background-size:cover;background-color:#e8e8e8;padding: 0px 0px 0px 0px;\"><div class=\"fusion-column-content-centered\"><div class=\"fusion-column-content\"><div class=\"fusion-text fusion-text-46\"><p style=\"text-align: center;\"><span style=\"letter-spacing: 3px; color: #000;\">SUIVEZ-NOUS SUR<\/span><\/p>\n<\/div><div class=\"aligncenter\"><div class=\"fusion-social-links\"><div class=\"fusion-social-networks boxed-icons\"><div class=\"fusion-social-networks-wrapper\"><a class=\"fusion-social-network-icon fusion-tooltip fusion-facebook fusion-icon-facebook\" style=\"color:#ffffff;font-size:16px;width: calc(16px + (2 * (12px)) + 2px);background-color:#595959;border-color:#595959;border-radius:50%;\" data-placement=\"top\" data-title=\"Facebook\" data-toggle=\"tooltip\" title=\"Facebook\" aria-label=\"facebook\" target=\"_blank\" rel=\"noopener noreferrer\" href=\"https:\/\/www.facebook.com\/thai.celadon\/\"><\/a><\/div><\/div><\/div><\/div><\/div><\/div><div class=\"fusion-clearfix\"><\/div><\/div><\/div><\/div><\/div>\n<\/p>","protected":false},"excerpt":{"rendered":"","protected":false},"author":1,"featured_media":0,"parent":0,"menu_order":0,"comment_status":"open","ping_status":"open","template":"100-width.php","meta":{"footnotes":""},"class_list":["post-3197","page","type-page","status-publish","hentry"],"_links":{"self":[{"href":"https:\/\/www.thai.lu\/fr\/wp-json\/wp\/v2\/pages\/3197","targetHints":{"allow":["GET"]}}],"collection":[{"href":"https:\/\/www.thai.lu\/fr\/wp-json\/wp\/v2\/pages"}],"about":[{"href":"https:\/\/www.thai.lu\/fr\/wp-json\/wp\/v2\/types\/page"}],"author":[{"embeddable":true,"href":"https:\/\/www.thai.lu\/fr\/wp-json\/wp\/v2\/users\/1"}],"replies":[{"embeddable":true,"href":"https:\/\/www.thai.lu\/fr\/wp-json\/wp\/v2\/comments?post=3197"}],"version-history":[{"count":38,"href":"https:\/\/www.thai.lu\/fr\/wp-json\/wp\/v2\/pages\/3197\/revisions"}],"predecessor-version":[{"id":3269,"href":"https:\/\/www.thai.lu\/fr\/wp-json\/wp\/v2\/pages\/3197\/revisions\/3269"}],"wp:attachment":[{"href":"https:\/\/www.thai.lu\/fr\/wp-json\/wp\/v2\/media?parent=3197"}],"curies":[{"name":"wp","href":"https:\/\/api.w.org\/{rel}","templated":true}]}}